{"id":300,"date":"2024-03-22T15:57:28","date_gmt":"2024-03-22T15:57:28","guid":{"rendered":"https:\/\/maxim-matthew.com\/?page_id=300"},"modified":"2024-07-21T11:43:57","modified_gmt":"2024-07-21T11:43:57","slug":"biografie","status":"publish","type":"page","link":"https:\/\/maxim-matthew.com\/de\/biografie\/","title":{"rendered":"Maxim Matthew Biografie"},"content":{"rendered":"\t\t<div data-elementor-type=\"wp-page\" data-elementor-id=\"300\" class=\"elementor elementor-300\" data-elementor-post-type=\"page\">\n\t\t\t\t<div class=\"elementor-element elementor-element-d9740e3 e-flex e-con-boxed e-con e-parent\" data-id=\"d9740e3\" data-element_type=\"container\" data-e-type=\"container\" data-settings=\"{&quot;jet_parallax_layout_list&quot;:[]}\">\n\t\t\t\t\t<div class=\"e-con-inner\">\n\t\t\t\t<div class=\"elementor-element elementor-element-780e1f0 elementor-widget elementor-widget-jet-engine-component-804\" data-id=\"780e1f0\" data-element_type=\"widget\" data-e-type=\"widget\" data-widget_type=\"jet-engine-component-804.default\">\n\t\t\t\t<div class=\"elementor-widget-container\">\n\t\t\t\t\t<style>.elementor-804 .elementor-element.elementor-element-801a47b{--display:flex;--flex-direction:column;--container-widget-width:calc( ( 1 - var( --container-widget-flex-grow ) ) * 100% );--container-widget-height:initial;--container-widget-flex-grow:0;--container-widget-align-self:initial;--flex-wrap-mobile:wrap;--align-items:center;--gap:0px 0px;--row-gap:0px;--column-gap:0px;--overflow:hidden;--padding-top:50px;--padding-bottom:50px;--padding-left:0px;--padding-right:0px;}.elementor-804 .elementor-element.elementor-element-801a47b.e-con{--align-self:center;}.elementor-804 .elementor-element.elementor-element-89f9b17{--display:flex;--flex-direction:column;--container-widget-width:100%;--container-widget-height:initial;--container-widget-flex-grow:0;--container-widget-align-self:initial;--flex-wrap-mobile:wrap;--justify-content:center;--gap:0px 0px;--row-gap:0px;--column-gap:0px;}.elementor-804 .elementor-element.elementor-element-89f9b17.e-con{--align-self:center;}.elementor-804 .elementor-element.elementor-element-81b175b{text-align:center;z-index:1;}.elementor-804 .elementor-element.elementor-element-81b175b .elementor-heading-title{font-family:\"MaxHand\", Sans-serif;font-size:88px;font-weight:700;line-height:1em;letter-spacing:-1.5px;color:#D6D6D6;}.elementor-804 .elementor-element.elementor-element-81b175b > .elementor-widget-container{margin:0px 0px -60px 0px;}.elementor-804 .elementor-element.elementor-element-81b175b.elementor-element{--align-self:center;}.elementor-804 .elementor-element.elementor-element-5f8dd44{--display:flex;--justify-content:center;--align-items:center;--container-widget-width:calc( ( 1 - var( --container-widget-flex-grow ) ) * 100% );--gap:0px 0px;--row-gap:0px;--column-gap:0px;--z-index:2;}.elementor-804 .elementor-element.elementor-element-d7cbd3d{text-align:center;z-index:2;}.elementor-804 .elementor-element.elementor-element-d7cbd3d .elementor-heading-title{font-family:\"Manrope\", Sans-serif;font-size:13px;font-weight:600;text-transform:uppercase;line-height:1em;letter-spacing:2px;color:#000000;}.elementor-804 .elementor-element.elementor-element-d7cbd3d > .elementor-widget-container{margin:0px 0px 7px 0px;}.elementor-804 .elementor-element.elementor-element-d7cbd3d.elementor-element{--align-self:center;}.elementor-804 .elementor-element.elementor-element-c5e5af7{text-align:center;z-index:2;}.elementor-804 .elementor-element.elementor-element-c5e5af7 .elementor-heading-title{font-family:\"Manrope\", Sans-serif;font-size:46px;font-weight:700;line-height:0.8em;letter-spacing:-1.5px;color:#000000;}.elementor-804 .elementor-element.elementor-element-c5e5af7 > .elementor-widget-container{margin:0px 0px 0px 0px;padding:0px 0px 0px 0px;}.elementor-804 .elementor-element.elementor-element-c5e5af7.elementor-element{--align-self:center;}@media(max-width:1024px){.elementor-804 .elementor-element.elementor-element-801a47b{--padding-top:80px;--padding-bottom:40px;--padding-left:0px;--padding-right:0px;}.elementor-804 .elementor-element.elementor-element-81b175b .elementor-heading-title{font-size:80px;}.elementor-804 .elementor-element.elementor-element-81b175b > .elementor-widget-container{margin:-17px 0px -58px 0px;}.elementor-804 .elementor-element.elementor-element-d7cbd3d .elementor-heading-title{letter-spacing:1px;}.elementor-804 .elementor-element.elementor-element-d7cbd3d > .elementor-widget-container{margin:0px 0px 10px 0px;}.elementor-804 .elementor-element.elementor-element-c5e5af7 .elementor-heading-title{font-size:38px;}.elementor-804 .elementor-element.elementor-element-c5e5af7 > .elementor-widget-container{margin:-0px 0px 0px 0px;}}@media(max-width:767px){.elementor-804 .elementor-element.elementor-element-801a47b{--flex-direction:column;--container-widget-width:100%;--container-widget-height:initial;--container-widget-flex-grow:0;--container-widget-align-self:initial;--flex-wrap-mobile:wrap;--padding-top:40px;--padding-bottom:20px;--padding-left:0px;--padding-right:0px;}.elementor-804 .elementor-element.elementor-element-89f9b17{--justify-content:center;}.elementor-804 .elementor-element.elementor-element-81b175b .elementor-heading-title{font-size:49px;line-height:0.8em;letter-spacing:-1px;}.elementor-804 .elementor-element.elementor-element-81b175b > .elementor-widget-container{margin:0px 0px -4px 0px;}.elementor-804 .elementor-element.elementor-element-81b175b{width:auto;max-width:auto;z-index:1;}.elementor-804 .elementor-element.elementor-element-81b175b.elementor-element{--align-self:center;}.elementor-804 .elementor-element.elementor-element-5f8dd44{--gap:0px 0px;--row-gap:0px;--column-gap:0px;}.elementor-804 .elementor-element.elementor-element-d7cbd3d > .elementor-widget-container{margin:-34px 0px -4px 0px;}.elementor-804 .elementor-element.elementor-element-d7cbd3d{z-index:2;}.elementor-804 .elementor-element.elementor-element-c5e5af7 .elementor-heading-title{font-size:30px;letter-spacing:-1px;}.elementor-804 .elementor-element.elementor-element-c5e5af7 > .elementor-widget-container{margin:-15px 0px -4px 0px;}.elementor-804 .elementor-element.elementor-element-c5e5af7{z-index:2;}}\/* Start custom CSS for heading, class: .elementor-element-81b175b *\/.nowrap {\n      white-space: nowrap;\n}\/* End custom CSS *\/\n\/* Start Custom Fonts CSS *\/@font-face {\n\tfont-family: 'MaxHand';\n\tfont-style: normal;\n\tfont-weight: normal;\n\tfont-display: auto;\n\tsrc: url('https:\/\/maxim-matthew.com\/wp-content\/uploads\/2024\/07\/gabrielly_script_3-webfont.woff2') format('woff2'),\n\t\turl('https:\/\/maxim-matthew.com\/wp-content\/uploads\/2024\/07\/gabrielly_script_3-webfont.woff') format('woff');\n}\n\/* End Custom Fonts CSS *\/<\/style>\t\t<div data-elementor-type=\"jet-engine-component\" data-elementor-id=\"804\" class=\"elementor elementor-804 jet-listing-grid--804 jet-component-instance-2383\" data-elementor-post-type=\"jet-engine\" style=\"\">\n\t\t\t\t<div class=\"elementor-element elementor-element-801a47b e-con-full e-flex e-con e-parent\" data-id=\"801a47b\" data-element_type=\"container\" data-e-type=\"container\" data-settings=\"{&quot;background_background&quot;:&quot;classic&quot;,&quot;jet_parallax_layout_list&quot;:[]}\">\n\t\t<div class=\"elementor-element elementor-element-89f9b17 e-flex e-con-boxed e-con e-child\" data-id=\"89f9b17\" data-element_type=\"container\" data-e-type=\"container\" data-settings=\"{&quot;jet_parallax_layout_list&quot;:[]}\">\n\t\t\t\t\t<div class=\"e-con-inner\">\n\t\t\t\t<div class=\"elementor-element elementor-element-81b175b elementor-widget-mobile__width-auto nowrap elementor-widget elementor-widget-heading\" data-id=\"81b175b\" data-element_type=\"widget\" data-e-type=\"widget\" data-widget_type=\"heading.default\">\n\t\t\t\t<div class=\"elementor-widget-container\">\n\t\t\t\t\t<h2 class=\"elementor-heading-title elementor-size-default\">Maxims Biografie<\/h2>\t\t\t\t<\/div>\n\t\t\t\t<\/div>\n\t\t<div class=\"elementor-element elementor-element-5f8dd44 e-con-full e-flex e-con e-child\" data-id=\"5f8dd44\" data-element_type=\"container\" data-e-type=\"container\" data-settings=\"{&quot;jet_parallax_layout_list&quot;:[]}\">\n\t\t\t\t<div class=\"elementor-element elementor-element-d7cbd3d elementor-widget elementor-widget-heading\" data-id=\"d7cbd3d\" data-element_type=\"widget\" data-e-type=\"widget\" data-widget_type=\"heading.default\">\n\t\t\t\t<div class=\"elementor-widget-container\">\n\t\t\t\t\t<p class=\"elementor-heading-title elementor-size-default\">Maxim Matthew<\/p>\t\t\t\t<\/div>\n\t\t\t\t<\/div>\n\t\t\t\t<div class=\"elementor-element elementor-element-c5e5af7 elementor-widget elementor-widget-heading\" data-id=\"c5e5af7\" data-element_type=\"widget\" data-e-type=\"widget\" data-widget_type=\"heading.default\">\n\t\t\t\t<div class=\"elementor-widget-container\">\n\t\t\t\t\t<h2 class=\"elementor-heading-title elementor-size-default\">Eine kreative Reise<br>jenseits der Norm<\/h2>\t\t\t\t<\/div>\n\t\t\t\t<\/div>\n\t\t\t\t<\/div>\n\t\t\t\t\t<\/div>\n\t\t\t\t<\/div>\n\t\t\t\t<\/div>\n\t\t\t\t<\/div>\n\t\t\t\t\t\t<\/div>\n\t\t\t\t<\/div>\n\t\t\t\t\t<\/div>\n\t\t\t\t<\/div>\n\t\t<div class=\"elementor-element elementor-element-a9ef424 e-flex e-con-boxed e-con e-parent\" data-id=\"a9ef424\" data-element_type=\"container\" data-e-type=\"container\" data-settings=\"{&quot;jet_parallax_layout_list&quot;:[]}\">\n\t\t\t\t\t<div class=\"e-con-inner\">\n\t\t<div class=\"elementor-element elementor-element-cf8422b e-con-full e-flex e-con e-child\" data-id=\"cf8422b\" data-element_type=\"container\" data-e-type=\"container\" data-settings=\"{&quot;jet_parallax_layout_list&quot;:[]}\">\n\t\t<div class=\"elementor-element elementor-element-6dca9c3 e-con-full e-flex e-con e-child\" data-id=\"6dca9c3\" data-element_type=\"container\" data-e-type=\"container\" data-settings=\"{&quot;background_background&quot;:&quot;classic&quot;,&quot;jet_parallax_layout_list&quot;:[]}\">\n\t\t<div class=\"elementor-element elementor-element-dc02e31 e-con-full e-flex e-con e-child\" data-id=\"dc02e31\" data-element_type=\"container\" data-e-type=\"container\" data-settings=\"{&quot;jet_parallax_layout_list&quot;:[]}\">\n\t\t<div class=\"elementor-element elementor-element-c96b93d e-con-full e-flex e-con e-child\" data-id=\"c96b93d\" data-element_type=\"container\" data-e-type=\"container\" data-settings=\"{&quot;background_background&quot;:&quot;classic&quot;,&quot;jet_parallax_layout_list&quot;:[]}\">\n\t\t\t\t<\/div>\n\t\t\t\t<\/div>\n\t\t<div class=\"elementor-element elementor-element-400e0d6 e-con-full e-flex e-con e-child\" data-id=\"400e0d6\" data-element_type=\"container\" data-e-type=\"container\" data-settings=\"{&quot;jet_parallax_layout_list&quot;:[]}\">\n\t\t\t\t<div class=\"elementor-element elementor-element-6565a41 elementor-widget elementor-widget-text-editor\" data-id=\"6565a41\" data-element_type=\"widget\" data-e-type=\"widget\" data-widget_type=\"text-editor.default\">\n\t\t\t\t<div class=\"elementor-widget-container\">\n\t\t\t\t\t\t\t\t\t<p>Maxim Matthew, 1979 in Berlin geboren, sammelte schon fr\u00fch internationale Erfahrungen. Seine Kindheit und Jugend verbrachte er in den USA, Deutschland und weiteren Teilen der Welt, was seine Faszination f\u00fcr fremde Kulturen und unkonventionelle Perspektiven pr\u00e4gte.\u00a0<\/p><p>Ohne formelle Ausbildung begann Maxim 1993 seinen Weg in der Kreativbranche. Mit Unterst\u00fctzung von Mentoren und durch kontinuierliches Lernen arbeitete er sich durch verschiedene Bereiche der digitalen Welt. Von der Gestaltung von TV-Websites entwickelte er sich zum Projektleiter bei renommierten Internetagenturen. 1999 erhielt er die Chance, als Junior Art Director zu arbeiten &#8211; eine Herausforderung, die er mit Begeisterung annahm. In den folgenden Jahren entwickelte er sich zum Creative Director und arbeitete f\u00fcr diverse internationale Agenturen, was seine weitere Entwicklung pr\u00e4gte.<\/p><p>Seine praktischen Erfahrungen erm\u00f6glichten es Maxim sp\u00e4ter, als Gastdozent t\u00e4tig zu werden. Dort konnte er nicht nur sein Wissen teilen, sondern auch von den frischen Perspektiven der Studenten lernen &#8211; eine Erfahrung, die ihn in seiner pers\u00f6nlichen und beruflichen Entwicklung weiter voranbrachte.<\/p><p>Nach seinen fr\u00fchen Erfolgen in der digitalen Welt erweiterte Maxim seinen kreativen Horizont. Getrieben von Neugier und dem Wunsch, Neues zu entdecken, wagte Maxim den Schritt in die Welt der Fotografie und Musikindustrie.<\/p><p>Als Fotograf f\u00fcr Musikzeitschriften entdeckte er seine Leidenschaft f\u00fcr visuelle Geschichten. Die Zusammenarbeit mit zahlreichen bekannten Musikern, darunter viele Ikonen seiner Jugend, \u00f6ffnete ihm die T\u00fcr zur Musikvideoproduktion, wo er verschiedene Aspekte der Filmproduktion kennenlernen durfte. Hier entdeckte er seine Leidenschaft f\u00fcr bewegte Bilder und \u00fcbernahm vielf\u00e4ltige Rollen von Regie \u00fcber Kamera bis hin zum Schnitt und visuelle Effekte. Diese Erfahrungen weckten in ihm den Wunsch, sein Talent im Design von statischen Bildern auf die Erschaffung bewegter Bilder und fantastischer Welten auszuweiten.<\/p><p>Der Wunsch, eigene kreative Visionen umzusetzen, f\u00fchrte zur Gr\u00fcndung einer Film- und Postproduktionsfirma mit Standorten in Berlin und Los Angeles. Hier konnte Maxim nicht nur seine F\u00e4higkeiten erweitern und von den Talenten seiner Kollegen lernen, sondern auch seine Leidenschaft f\u00fcr visuelle Effekte ausleben und seine F\u00e4higkeiten als Producer und Regisseur in zahlreichen Projekten entfalten. Seine vielf\u00e4ltigen Erfahrungen nutzte Maxim sp\u00e4ter auch, um im Rahmen von Agentur-T\u00e4tigkeiten Verlage bei ihrer digitalen Transformation zu unterst\u00fctzen.<\/p><p>Im Laufe der Jahre initiierte Maxim weitere Projekte, darunter die Spirituosenmanufaktur UNKNOWN Lands | Spirits, wo er unter anderem einen eigenen Gin kreierte, und die eigene Designagentur u.now media. Jedes dieser Vorhaben brachte neue Herausforderungen und wertvolle Lernm\u00f6glichkeiten mit sich.<\/p><p>Nach fast 30 Jahren in der Design- und Filmindustrie ist es f\u00fcr Maxim an der Zeit, sich neuen Herausforderungen und Leidenschaften zu widmen. Er fokussiert sich nun auf das Storytelling in verschiedenen Formaten. Er teilt seine Erfahrungen in den Podcasts &#8222;The Gin High Tea&#8220; und &#8222;Echoes of Neverland &#8211; Jenseits der Norm&#8220;. Aktuell arbeitet er mit Begeisterung an einer Reihe von Jugend-Fantasy-Romanen, ein Gebiet, das ihn t\u00e4glich vor neue kreative Herausforderungen stellt und seine Begeisterung f\u00fcr das Storytelling n\u00e4hrt.<\/p><p>Durch all seine Projekte zieht sich Maxims Bestreben, visuelles Gestalten mit innovativem Denken und seine Leidenschaft f\u00fcr das Storytelling in verschiedenen Medien zu verbinden. Er vereint kreative Vielseitigkeit mit unternehmerischem Geschick, was ihn zu einem facettenreichen Autor und Kreativen macht. F\u00fcr Maxim stehen die Freude am kreativen Schaffen und der Wunsch, Menschen zu inspirieren, im Vordergrund. Als lebenslanger Lernender bleibt er stets offen f\u00fcr neue Ideen und Perspektiven, dankbar f\u00fcr die Unterst\u00fctzung und Inspiration, die er von Kollegen, Mentoren und seinem Umfeld erfahren hat. Seine vielf\u00e4ltigen Erfahrungen flie\u00dfen in all seine Projekte ein, w\u00e4hrend er kontinuierlich neue Wege des k\u00fcnstlerischen Ausdrucks erkundet.<\/p>\t\t\t\t\t\t\t\t<\/div>\n\t\t\t\t<\/div>\n\t\t\t\t<\/div>\n\t\t\t\t<\/div>\n\t\t\t\t<\/div>\n\t\t\t\t\t<\/div>\n\t\t\t\t<\/div>\n\t\t\t\t<\/div>\n\t\t","protected":false},"excerpt":{"rendered":"<p>Maxim Matthew, 1979 in Berlin geboren, sammelte schon fr\u00fch internationale Erfahrungen. Seine Kindheit und Jugend verbrachte er in den USA, Deutschland und weiteren Teilen der Welt, was seine Faszination f\u00fcr [&hellip;]<\/p>\n","protected":false},"author":1,"featured_media":1057,"parent":0,"menu_order":0,"comment_status":"closed","ping_status":"closed","template":"elementor_header_footer","meta":{"_price":"","_stock":"","_tribe_ticket_header":"","_tribe_default_ticket_provider":"","_tribe_ticket_capacity":"0","_ticket_start_date":"","_ticket_end_date":"","_tribe_ticket_show_description":"","_tribe_ticket_show_not_going":false,"_tribe_ticket_use_global_stock":"","_tribe_ticket_global_stock_level":"","_global_stock_mode":"","_global_stock_cap":"","_tribe_rsvp_for_event":"","_tribe_ticket_going_count":"","_tribe_ticket_not_going_count":"","_tribe_tickets_list":"[]","_tribe_ticket_has_attendee_info_fields":false,"footnotes":"","_tec_slr_enabled":"","_tec_slr_layout":""},"class_list":["post-300","page","type-page","status-publish","has-post-thumbnail","hentry"],"ticketed":false,"_links":{"self":[{"href":"https:\/\/maxim-matthew.com\/de\/wp-json\/wp\/v2\/pages\/300","targetHints":{"allow":["GET"]}}],"collection":[{"href":"https:\/\/maxim-matthew.com\/de\/wp-json\/wp\/v2\/pages"}],"about":[{"href":"https:\/\/maxim-matthew.com\/de\/wp-json\/wp\/v2\/types\/page"}],"author":[{"embeddable":true,"href":"https:\/\/maxim-matthew.com\/de\/wp-json\/wp\/v2\/users\/1"}],"replies":[{"embeddable":true,"href":"https:\/\/maxim-matthew.com\/de\/wp-json\/wp\/v2\/comments?post=300"}],"version-history":[{"count":66,"href":"https:\/\/maxim-matthew.com\/de\/wp-json\/wp\/v2\/pages\/300\/revisions"}],"predecessor-version":[{"id":1174,"href":"https:\/\/maxim-matthew.com\/de\/wp-json\/wp\/v2\/pages\/300\/revisions\/1174"}],"wp:featuredmedia":[{"embeddable":true,"href":"https:\/\/maxim-matthew.com\/de\/wp-json\/wp\/v2\/media\/1057"}],"wp:attachment":[{"href":"https:\/\/maxim-matthew.com\/de\/wp-json\/wp\/v2\/media?parent=300"}],"curies":[{"name":"wp","href":"https:\/\/api.w.org\/{rel}","templated":true}]}}