{"id":1477,"date":"2025-01-05T19:37:34","date_gmt":"2025-01-05T19:37:34","guid":{"rendered":"https:\/\/maxim-matthew.com\/?page_id=1477"},"modified":"2025-01-05T20:18:34","modified_gmt":"2025-01-05T20:18:34","slug":"newsletter","status":"publish","type":"page","link":"https:\/\/maxim-matthew.com\/en\/newsletter\/","title":{"rendered":"Newsletter"},"content":{"rendered":"\t\t<div data-elementor-type=\"wp-page\" data-elementor-id=\"1477\" class=\"elementor elementor-1477\" data-elementor-post-type=\"page\">\n\t\t\t\t<div class=\"elementor-element elementor-element-523b74c3 e-flex e-con-boxed e-con e-parent\" data-id=\"523b74c3\" data-element_type=\"container\" data-e-type=\"container\" data-settings=\"{&quot;jet_parallax_layout_list&quot;:[]}\">\n\t\t\t\t\t<div class=\"e-con-inner\">\n\t\t\t\t<div class=\"elementor-element elementor-element-c1d0890 elementor-widget elementor-widget-html\" data-id=\"c1d0890\" data-element_type=\"widget\" data-e-type=\"widget\" data-widget_type=\"html.default\">\n\t\t\t\t<div class=\"elementor-widget-container\">\n\t\t\t\t\t<div id=\"mc_embed_shell\">\n  <div id=\"mc_embed_signup\">\n    <form action=\"https:\/\/maxim-matthew.us22.list-manage.com\/subscribe\/post?u=a2be0b2808dd05165a4b23ac2&amp;id=ebd85ba377&amp;f_id=00e7dee1f0\" method=\"post\" id=\"mc-embedded-subscribe-form\" name=\"mc-embedded-subscribe-form\" class=\"validate\" target=\"_self\" novalidate=\"\">\n      <div id=\"mc_embed_signup_scroll\">\n        <h2>Exklusive Einblicke, Testkapitel <br>und Updates zu meinen Geschichten<\/h2>\n      <p class=\"description-text\">\n  Als Abonnent erh\u00e4ltst Du exklusive Einblicke in meine aktuellen Projekte. Du wirst Teil der Testleser-Community und hast die M\u00f6glichkeit, neue Kapitel und Testversionen meiner Geschichten vor allen anderen zu lesen. Gib Dein Feedback, beeinflusse den Schreibprozess und hilf mir, die Geschichten noch besser zu machen! Au\u00dferdem bleibst Du immer auf dem Laufenden \u00fcber Neuigkeiten, Ver\u00f6ffentlichungen und besondere Events rund um meine B\u00fccher und Podcasts.\n<\/p>\n        \n        <div class=\"indicates-required\">\n          <span class=\"asterisk\">*<\/span> indicates required\n        <\/div>\n\n        <!-- E-Mail-Adresse -->\n        <div class=\"mc-field-group\">\n          <label for=\"mce-EMAIL\">E-Mail-Adresse <span class=\"asterisk\">*<\/span><\/label>\n          <input type=\"email\" name=\"EMAIL\" class=\"required email\" id=\"mce-EMAIL\" required=\"\" value=\"\">\n        <\/div>\n\n        <!-- Vorname und Nachname in einer Zeile -->\n        <div class=\"mc-field-group-inline\">\n          <div class=\"mc-field-group\">\n            <label for=\"mce-FNAME\">Vorname<\/label>\n            <input type=\"text\" name=\"FNAME\" class=\"text\" id=\"mce-FNAME\" value=\"\">\n          <\/div>\n          <div class=\"mc-field-group\">\n            <label for=\"mce-LNAME\">Nachname<\/label>\n            <input type=\"text\" name=\"LNAME\" class=\"text\" id=\"mce-LNAME\" value=\"\">\n          <\/div>\n        <\/div>\n\n        <!-- Geburtstag in einer Zeile -->\n        <div class=\"mc-field-group size1of2\">\n          <label for=\"mce-BIRTHDAY-month\">Birthday<\/label>\n          <div class=\"datefield\">\n            <span class=\"subfield monthfield\">\n              <input class=\"birthday REQ_CSS\" type=\"text\" pattern=\"[0-9]*\" placeholder=\"MM\" size=\"2\" maxlength=\"2\" name=\"BIRTHDAY[month]\" id=\"mce-BIRTHDAY-month\" value=\"\">\n            <\/span>\n            \/\n            <span class=\"subfield dayfield\">\n              <input class=\"birthday REQ_CSS\" type=\"text\" pattern=\"[0-9]*\" placeholder=\"DD\" size=\"2\" maxlength=\"2\" name=\"BIRTHDAY[day]\" id=\"mce-BIRTHDAY-day\" value=\"\">\n            <\/span>\n            <span class=\"small-meta nowrap\">( mm \/ dd )<\/span>\n          <\/div>\n        <\/div>\n\n        <!-- Update zu Geschichten -->\n        <div class=\"mc-field-group input-group\">\n          <strong>Update zu Geschichten:<\/strong>\n          <ul>\n            <li><input type=\"checkbox\" name=\"group[257][1]\" id=\"mce-group[257]-257-0\" value=\"\"><label for=\"mce-group[257]-257-0\">Echoes of Neverland \u2013 Chroniken der Echos<\/label><\/li>\n            <li><input type=\"checkbox\" name=\"group[257][2]\" id=\"mce-group[257]-257-1\" value=\"\"><label for=\"mce-group[257]-257-1\">Schneefeder \u2013 Ruf des Greifen<\/label><\/li>\n            <li><input type=\"checkbox\" name=\"group[257][4]\" id=\"mce-group[257]-257-2\" value=\"\"><label for=\"mce-group[257]-257-2\">Verloren am Kap der Schatten<\/label><\/li>\n            <li><input type=\"checkbox\" name=\"group[257][256]\" id=\"mce-group[257]-257-3\" value=\"\"><label for=\"mce-group[257]-257-3\">Jenseits der Norm \u2013 Ein Achtsamkeits-Abenteuer<\/label><\/li>\n            <li><input type=\"checkbox\" name=\"group[257][64]\" id=\"mce-group[257]-257-4\" value=\"\"><label for=\"mce-group[257]-257-4\">The Gin High Tea \u2013 Gin Cocktails<\/label><\/li>\n            <li><input type=\"checkbox\" name=\"group[257][128]\" id=\"mce-group[257]-257-5\" value=\"\"><label for=\"mce-group[257]-257-5\">The Gin High Tea \u2013 Das Gin-Malbuch f\u00fcr Gin-Liebhaber<\/label><\/li>\n            <li><input type=\"checkbox\" name=\"group[257][32]\" id=\"mce-group[257]-257-6\" value=\"\"><label for=\"mce-group[257]-257-6\">Urban Scumbags vs. Countryside Zombies<\/label><\/li>\n            <li><input type=\"checkbox\" name=\"group[257][16]\" id=\"mce-group[257]-257-7\" value=\"\"><label for=\"mce-group[257]-257-7\">W\u00e4chter der Steine - Das Lied der Stille<\/label><\/li>\n            <li><input type=\"checkbox\" name=\"group[257][4096]\" id=\"mce-group[257]-257-8\" value=\"\"><label for=\"mce-group[257]-257-8\">Das Gold der Karpaten<\/label><\/li>\n            <li><input type=\"checkbox\" name=\"group[257][8]\" id=\"mce-group[257]-257-9\" value=\"\"><label for=\"mce-group[257]-257-9\">Der Siegeltr\u00e4ger \u2013 Schatten der Macht<\/label><\/li>\n            <li><input type=\"checkbox\" name=\"group[257][512]\" id=\"mce-group[257]-257-10\" value=\"\"><label for=\"mce-group[257]-257-10\">The Last War - Die geliebte Stadt<\/label><\/li>\n            <li><input type=\"checkbox\" name=\"group[257][1024]\" id=\"mce-group[257]-257-11\" value=\"\"><label for=\"mce-group[257]-257-11\">Headhunter - The Assessment Weekend<\/label><\/li>\n            <li><input type=\"checkbox\" name=\"group[257][2048]\" id=\"mce-group[257]-257-12\" value=\"\"><label for=\"mce-group[257]-257-12\">Fl\u00fcstern der Lagune<\/label><\/li>\n          <\/ul>\n        <\/div>\n\n        <!-- Allgemeine News -->\n        <div class=\"mc-field-group input-group\">\n          <strong>Allgemein<\/strong>\n          <ul>\n            <li><input type=\"checkbox\" name=\"group[258][8192]\" id=\"mce-group[258]-258-0\" value=\"\"><label for=\"mce-group[258]-258-0\">News rund um Maxim Matthew<\/label><\/li>\n          <\/ul>\n        <\/div>\n\n        <p><a href=\"https:\/\/us22.campaign-archive.com\/home\/?u=a2be0b2808dd05165a4b23ac2&amp;id=ebd85ba377\" target=\"_blank\" rel=\"noopener\">Newsletter Archiv<\/a><\/p>\n\n        <div hidden=\"\">\n          <input type=\"hidden\" name=\"tags\" value=\"10841\">\n        <\/div>\n\n        <div id=\"mce-responses\" class=\"clear foot\">\n          <div class=\"response\" id=\"mce-error-response\" style=\"display: none;\"><\/div>\n          <div class=\"response\" id=\"mce-success-response\" style=\"display: none;\"><\/div>\n        <\/div>\n\n        <div class=\"optionalParent\">\n          <div class=\"clear foot\">\n            <input type=\"submit\" name=\"subscribe\" id=\"mc-embedded-subscribe\" class=\"button\" value=\"Abonnieren\">\n            \n            <div class=\"refferal_badge-wrapper\">\n            <p style=\"margin: 0px auto;\">\n              <a href=\"http:\/\/eepurl.com\/i0DYrQ\" title=\"Mailchimp - email marketing made easy and fun\" target=\"_blank\" rel=\"noopener\">\n                <span style=\"display: inline-block; background-color: transparent; border-radius: 4px;\">\n                  <img decoding=\"async\" class=\"refferal_badge\" src=\"https:\/\/digitalasset.intuit.com\/render\/content\/dam\/intuit\/mc-fe\/en_us\/images\/intuit-mc-rewards-text-dark.svg\" alt=\"Intuit Mailchimp\" style=\"width: 220px; height: 40px; display: flex; padding: 2px 0px; justify-content: center; align-items: center;\">\n                <\/span>\n              <\/a>\n            <\/p>\n            <\/div>\n          <\/div>\n        <\/div>\n\n      <\/div>\n    <\/form>\n  <\/div>\n<\/div>\t\t\t\t<\/div>\n\t\t\t\t<\/div>\n\t\t\t\t\t<\/div>\n\t\t\t\t<\/div>\n\t\t\t\t<\/div>\n\t\t","protected":false},"excerpt":{"rendered":"<p>Exklusive Einblicke, Testkapitel und Updates zu meinen Geschichten Als Abonnent erh\u00e4ltst Du exklusive Einblicke in meine aktuellen Projekte. Du wirst Teil der Testleser-Community und hast die M\u00f6glichkeit, neue Kapitel und [&hellip;]<\/p>\n","protected":false},"author":1,"featured_media":0,"parent":0,"menu_order":0,"comment_status":"closed","ping_status":"closed","template":"","meta":{"_price":"","_stock":"","_tribe_ticket_header":"","_tribe_default_ticket_provider":"","_tribe_ticket_capacity":"0","_ticket_start_date":"","_ticket_end_date":"","_tribe_ticket_show_description":"","_tribe_ticket_show_not_going":false,"_tribe_ticket_use_global_stock":"","_tribe_ticket_global_stock_level":"","_global_stock_mode":"","_global_stock_cap":"","_tribe_rsvp_for_event":"","_tribe_ticket_going_count":"","_tribe_ticket_not_going_count":"","_tribe_tickets_list":"[]","_tribe_ticket_has_attendee_info_fields":false,"footnotes":"","_tec_slr_enabled":"","_tec_slr_layout":""},"class_list":["post-1477","page","type-page","status-publish","hentry"],"ticketed":false,"_links":{"self":[{"href":"https:\/\/maxim-matthew.com\/en\/wp-json\/wp\/v2\/pages\/1477","targetHints":{"allow":["GET"]}}],"collection":[{"href":"https:\/\/maxim-matthew.com\/en\/wp-json\/wp\/v2\/pages"}],"about":[{"href":"https:\/\/maxim-matthew.com\/en\/wp-json\/wp\/v2\/types\/page"}],"author":[{"embeddable":true,"href":"https:\/\/maxim-matthew.com\/en\/wp-json\/wp\/v2\/users\/1"}],"replies":[{"embeddable":true,"href":"https:\/\/maxim-matthew.com\/en\/wp-json\/wp\/v2\/comments?post=1477"}],"version-history":[{"count":11,"href":"https:\/\/maxim-matthew.com\/en\/wp-json\/wp\/v2\/pages\/1477\/revisions"}],"predecessor-version":[{"id":1490,"href":"https:\/\/maxim-matthew.com\/en\/wp-json\/wp\/v2\/pages\/1477\/revisions\/1490"}],"wp:attachment":[{"href":"https:\/\/maxim-matthew.com\/en\/wp-json\/wp\/v2\/media?parent=1477"}],"curies":[{"name":"wp","href":"https:\/\/api.w.org\/{rel}","templated":true}]}}